{"id":572,"date":"2017-11-10T14:24:58","date_gmt":"2017-11-10T13:24:58","guid":{"rendered":"http:\/\/vseelstrang-partner.de\/en\/?page_id=572"},"modified":"2020-08-06T11:30:02","modified_gmt":"2020-08-06T09:30:02","slug":"legal-notice","status":"publish","type":"page","link":"https:\/\/forumwpg.de\/en\/legal-notice\/","title":{"rendered":"Legal notice"},"content":{"rendered":"<h1 class=\"h1\">Legal notice<\/h1>\n<p><strong>FORUM GmbH Wirtschaftspr\u00fcfungsgesellschaft<\/strong><\/p>\n<p><strong><span class=\"hervorhebung\" style=\"color: #de7000\">Contact:<\/span><\/strong><br \/>\nBrienner St. 55 . 80333 M\u00fcnchen . Germany<br \/>\nPhone: +49 89 1711320<br \/>\nFax: +49 89 17113211<br \/>\nEmail: <a href=\"mailto:info@forumwpg.de\">info@forumwpg.de<\/a><\/p>\n<p><strong><span class=\"hervorhebung\" style=\"color: #de7000\">Legal form, Register:<\/span><\/strong><br \/>\nFORUM GmbH Wirtschaftspr\u00fcfungsgesellschaft Nummer HRB 1450522<\/p>\n<p><strong><span class=\"hervorhebung\" style=\"color: #de7000\">Managing Director:<\/span><\/strong><br \/>\n<strong>Tillmann Engelke,<\/strong> Auditor . Tax Advisor <a href=\"#wirtschaftspruefer\"><sup>1)<\/sup><\/a> +<a href=\"#steuerberater\"> <sup>2)<\/sup><\/a><br \/>\nThe above-named professionals (auditors, tax advisors) are admitted in accordance with the law of the Federal Republic of Germany and are members of the relevant professional associations set out below<\/p>\n<p><strong><span class=\"hervorhebung\" style=\"color: #de7000\">Value-Added tax identification no. (\u00a7 27a Value-Added Tax Act):<\/span><\/strong><br \/>\nVAT ID No.: DE225 808 433<\/p>\n<p><strong><span class=\"hervorhebung\" style=\"color: #de7000\">Professional liability insurance:<\/span><\/strong><br \/>\nGothaer Allgemeine Versicherung AG (Gothaer General Insurance AG), Gothaer Allee 1, 50969 K\u00f6ln, Germany<br \/>\n(Public company with registered office in Cologne, registered in the Commercial Registry of the Cologne Local Court under the number HRB 21433)<\/p>\n<p><span class=\"hervorhebung\"><strong><span style=\"color: #de7000\">Territorial limitation:\u2028<\/span><\/strong><br \/>\n<\/span>Auditors, Tax advisors: The insurance coverage does not extend in principle to claims brought before the courts of States that are outside the European Union, however this does not include the courts of Turkey and the States of the former Soviet Union (including Lithuania, Latvia and Estonia). The same applies with respect to the extent of territorial coverage for those claims that arise from a breach of or failure to have regard to foreign law. Under certain conditions the insurance coverage can, however, extend to courts and legal systems that are in principle excluded from insurance coverage in accordance with what was said above. The details in this regard result from the special insurance conditions of the above-mentioned insurer, which we would be pleased to provide to you<\/p>\n<p><strong><span class=\"hervorhebung\" style=\"color: #de7000\">Professional regulations:<\/span><\/strong><br \/>\n<strong>1) = Auditors:<\/strong>\u2028Members of the Berlin Chamber of Auditors (Rauchstrasse 26, 10787 Berlin)<br \/>\nAuditors are essentially subject to the following professional regulations:<br \/>\n\u2013 Auditors&#8217; Ordinance &#8211; Wirtschaftspr\u00fcferordnung (WPO)<br \/>\n\u2013 Professional Regulations for Auditors and Public Comptrollers &#8211; Berufssatzung f\u00fcr Wirtschaftspr\u00fcfer und vereidigte Buchpr\u00fcfer (BS WP\/vBP)<br \/>\n\u2013 Seal Ordinance &#8211; Siegel-Verordnung<br \/>\n\u2013 Auditors Professional Liability Insurance Ordinance &#8211; Wirtschaftspr\u00fcfer-Berufshaftpflichtversicherungsverordnung (WPBHV)<br \/>\nYou can view and download the professional regulations applicable to auditors on the website of the Berlin Chamber of Auditors at &#8220;<a href=\"http:\/\/www.wpk.de\/\" target=\"_blank\" rel=\"noopener noreferrer\">www.wpk.de<\/a>&#8221; (under the heading &#8220;Rechtsvorschriften&#8221; &#8211; (&#8220;Legal Provisions&#8221;))<\/p>\n<p><strong>2) = Tax Advisors:<\/strong>\u2028Members of the Munich Chamber of Tax Advisors (Nederlinger St. 9, 80638 M\u00fcnchen, Germany)<br \/>\nTax Advisors are essentially subject to the following professional regulations:<br \/>\n\u2013 Tax Advisors Act &#8211; Steuerberatungsgesetz (StBerG)<br \/>\n\u2013 Implementation Ordinance for the Tax Advisors Act &#8211; Durchf\u00fchrungsverordnung zum Steuerberatungsgesetz (DVStB)<br \/>\n\u2013 Professional Ordinance for the German Federal Chamber of Tax Advisors &#8211; Berufsordnung der Bundessteuerberaterkammer (BOStB)<br \/>\n\u2013 Tax Advisors&#8217; Remuneration Ordinance &#8211; Steuerberaterverg\u00fctungsverordnung (StBVV)<br \/>\nYou can view and download the professional regulations applicable to tax advisors on the website of the Munich Chamber of Tax Advisors at &#8220;<a href=\"http:\/\/www.stbk-muc.de\" target=\"_blank\" rel=\"noopener noreferrer\">www.stbk-muc.de<\/a>&#8221; (under the heading &#8220;Service f\u00fcr Besucher&#8221; \u2013 &#8220;Downloads&#8221;) (&#8220;Service for Visitors&#8221; \u2013 &#8220;Downloads&#8221;)<\/p>\n<p><span style=\"color: #333333;font-family: 'Georgia',serif\"><strong><span style=\"color: #de7000\">Joint-Ventures:<\/span><\/strong><br \/>\n<\/span>Our company maintains in addition ongoing joint ventures with the following entities:<span style=\"color: #333333;font-family: 'Georgia',serif\"><br \/>\n<\/span>\u2013 the Tax Advice Company <span style=\"color: #de7000;font-family: 'Georgia',serif\"><a href=\"https:\/\/forum-muc.de\/\" target=\"_blank\" rel=\"noopener noreferrer\">FORUM TREUHAND Steuerberatungsgesellschaft mbH<\/a><\/span>(Brienner St. 55, D-80333 M\u00fcnchen, Germany)<span style=\"color: #333333;font-family: 'Georgia',serif\"><br \/>\n<\/span>\u2013 the Law Firm <span style=\"color: #de7000;font-family: 'Georgia',serif\"><a href=\"https:\/\/vonseelstrang-partner.de\/\" target=\"_blank\" rel=\"noopener noreferrer\">FORUM von Seelstrang &amp; Partner mbB<\/a><\/span> Rechtsanw\u00e4lte. Steuerberater. Wirtschaftspr\u00fcfer (Brienner St. 55, D-80333 M\u00fcnchen, Germany)<\/p>\n<p>Auditors and Tax Advisors are prohibited from entering into conflicts of interest pursuant to the professional regulations (\u00a743 Auditor Regulations in connection with \u00a749 Auditor Regulations and \u00a7 6 para. 1 Professional Code for the German Federal Chamber of Tax Advisors). The same applies to lawyers (\u00a743a para. 4 German Federal Lawyers Act). Therefore, we will check for a conflict of interest before we accept work from a client<\/p>\n<p><strong><span class=\"hervorhebung\" style=\"color: #de7000\">Out of court dispute resolution:<\/span><\/strong><br \/>\nIn the event of a legal pecuniary dispute between our company and our client, our company is generally prepared to participate proceedings at the arbitration board to resolve the dispute pursuant to \u00a736(1) para. 1 no. 1 of the German Law on Alternative Dispute Resolution in Consumer Matters (VSBG). This applies irrespective of whether our client has entered into a mandate agreement with our company in the client\u2019s capacity as consumer or business person. The General Consumer Arbitration Office is responsible for this: Stra\u00dfburger Strasse 8, D-77694 Kehl am Rhein (<a href=\"http:\/\/www.verbraucher-schlichter.de\/\">www.verbraucher-schlichter.de<\/a>)<\/p>\n<p><strong><span class=\"hervorhebung\" style=\"color: #de7000\">Responsibility:<\/span><\/strong><br \/>\nThe following managing director of our Company is responsible for the content of this website including the contributions posted to it:<br \/>\nTillmann Engelke (Auditor . Tax Advisor), place of business at Brienner St. 55, 80333 M\u00fcnchen, Germany<\/p>\n<p><strong><span class=\"hervorhebung\" style=\"color: #de7000\">Note:<\/span><\/strong><br \/>\nThe information on this website is purely for the purposes of information and no claim is made that it is comprehensive. The information set out on this website, particularly the material made available for download under the heading &#8220;Client information&#8221; does not constitute legal, tax or any other form of advice<\/p>\n<p><strong><span style=\"color: #de7000\">Design, image editing + project management:<\/span><br \/>\n<\/strong>Cornelia Hohenegg,\u00a0<a href=\"http:\/\/www.raumfuergestaltung.de\/\">www.raumfuergestaltung.de<\/a><\/p>\n<p><span style=\"color: #de7000\"><strong>Programming:<\/strong><\/span><br \/>\n<span style=\"color: #de7000\"><span style=\"color: #333333\">Florence Kotowski,<\/span>\u00a0<a style=\"color: #de7000\" href=\"http:\/\/www.kotowski-webdevelopment.com\/\">www.kotowski-webdevelopment.com<\/a><\/span><\/p>\n<p><strong><span style=\"color: #de7000\">Photos:<\/span><\/strong><br \/>\nDarren Jacklin,\u00a0<a href=\"http:\/\/www.jacklinfotos.com\/\">www.jacklinfotos.com\u00a0<\/a>&amp; Carolin Jacklin,\u00a0<a href=\"https:\/\/www.carolinjacklin.com\/\">www.carolinjacklin.com<\/a><\/p>\n","protected":false},"excerpt":{"rendered":"<p>Legal notice FORUM GmbH Wirtschaftspr\u00fcfungsgesellschaft Contact: Brienner St. 55 . 80333 M\u00fcnchen . Germany Phone: +49 89 1711320 Fax: +49 89 17113211 Email: info@forumwpg.de Legal form, Register: FORUM GmbH Wirtschaftspr\u00fcfungsgesellschaft Nummer HRB 1450522 Managing Director: Tillmann Engelke, Auditor . Tax Advisor 1) + 2) The above-named professionals (auditors, tax advisors) are admitted in accordance with [&hellip;]<\/p>\n","protected":false},"author":2,"featured_media":0,"parent":0,"menu_order":0,"comment_status":"closed","ping_status":"closed","template":"","meta":{"_genesis_hide_title":false,"_genesis_hide_breadcrumbs":false,"_genesis_hide_singular_image":false,"_genesis_hide_footer_widgets":false,"_genesis_custom_body_class":"","_genesis_custom_post_class":"","_genesis_layout":"","footnotes":""},"class_list":{"0":"post-572","1":"page","2":"type-page","3":"status-publish","5":"entry"},"yoast_head":"<!-- This site is optimized with the Yoast SEO plugin v27.1.1 - https:\/\/yoast.com\/product\/yoast-seo-wordpress\/ -->\n<title>Legal notice - FORUM GmbH Wirtschaftspr\u00fcfungsgesellschaft<\/title>\n<meta name=\"robots\" content=\"index, follow, max-snippet:-1, max-image-preview:large, max-video-preview:-1\" \/>\n<link rel=\"canonical\" href=\"https:\/\/forumwpg.de\/en\/legal-notice\/\" \/>\n<meta property=\"og:locale\" content=\"en_GB\" \/>\n<meta property=\"og:type\" content=\"article\" \/>\n<meta property=\"og:title\" content=\"Legal notice - FORUM GmbH Wirtschaftspr\u00fcfungsgesellschaft\" \/>\n<meta property=\"og:description\" content=\"Legal notice FORUM GmbH Wirtschaftspr\u00fcfungsgesellschaft Contact: Brienner St. 55 . 80333 M\u00fcnchen . Germany Phone: +49 89 1711320 Fax: +49 89 17113211 Email: info@forumwpg.de Legal form, Register: FORUM GmbH Wirtschaftspr\u00fcfungsgesellschaft Nummer HRB 1450522 Managing Director: Tillmann Engelke, Auditor . Tax Advisor 1) + 2) The above-named professionals (auditors, tax advisors) are admitted in accordance with [&hellip;]\" \/>\n<meta property=\"og:url\" content=\"https:\/\/forumwpg.de\/en\/legal-notice\/\" \/>\n<meta property=\"og:site_name\" content=\"FORUM GmbH Wirtschaftspr\u00fcfungsgesellschaft\" \/>\n<meta property=\"article:modified_time\" content=\"2020-08-06T09:30:02+00:00\" \/>\n<meta name=\"twitter:card\" content=\"summary_large_image\" \/>\n<meta name=\"twitter:label1\" content=\"Estimated reading time\" \/>\n\t<meta name=\"twitter:data1\" content=\"4 minutes\" \/>\n<script type=\"application\/ld+json\" class=\"yoast-schema-graph\">{\"@context\":\"https:\/\/schema.org\",\"@graph\":[{\"@type\":\"WebPage\",\"@id\":\"https:\/\/forumwpg.de\/en\/legal-notice\/\",\"url\":\"https:\/\/forumwpg.de\/en\/legal-notice\/\",\"name\":\"Legal notice - FORUM GmbH Wirtschaftspr\u00fcfungsgesellschaft\",\"isPartOf\":{\"@id\":\"https:\/\/forumwpg.de\/en\/#website\"},\"datePublished\":\"2017-11-10T13:24:58+00:00\",\"dateModified\":\"2020-08-06T09:30:02+00:00\",\"breadcrumb\":{\"@id\":\"https:\/\/forumwpg.de\/en\/legal-notice\/#breadcrumb\"},\"inLanguage\":\"en-GB\",\"potentialAction\":[{\"@type\":\"ReadAction\",\"target\":[\"https:\/\/forumwpg.de\/en\/legal-notice\/\"]}]},{\"@type\":\"BreadcrumbList\",\"@id\":\"https:\/\/forumwpg.de\/en\/legal-notice\/#breadcrumb\",\"itemListElement\":[{\"@type\":\"ListItem\",\"position\":1,\"name\":\"Startseite\",\"item\":\"https:\/\/forumwpg.de\/en\/\"},{\"@type\":\"ListItem\",\"position\":2,\"name\":\"Legal notice\"}]},{\"@type\":\"WebSite\",\"@id\":\"https:\/\/forumwpg.de\/en\/#website\",\"url\":\"https:\/\/forumwpg.de\/en\/\",\"name\":\"FORUM GmbH Wirtschaftspr\u00fcfungsgesellschaft\",\"description\":\"FORUM GmbH Wirtschaftspr\u00fcfungsgesellschaft\",\"potentialAction\":[{\"@type\":\"SearchAction\",\"target\":{\"@type\":\"EntryPoint\",\"urlTemplate\":\"https:\/\/forumwpg.de\/en\/?s={search_term_string}\"},\"query-input\":{\"@type\":\"PropertyValueSpecification\",\"valueRequired\":true,\"valueName\":\"search_term_string\"}}],\"inLanguage\":\"en-GB\"}]}<\/script>\n<!-- \/ Yoast SEO plugin. -->","yoast_head_json":{"title":"Legal notice - FORUM GmbH Wirtschaftspr\u00fcfungsgesellschaft","robots":{"index":"index","follow":"follow","max-snippet":"max-snippet:-1","max-image-preview":"max-image-preview:large","max-video-preview":"max-video-preview:-1"},"canonical":"https:\/\/forumwpg.de\/en\/legal-notice\/","og_locale":"en_GB","og_type":"article","og_title":"Legal notice - FORUM GmbH Wirtschaftspr\u00fcfungsgesellschaft","og_description":"Legal notice FORUM GmbH Wirtschaftspr\u00fcfungsgesellschaft Contact: Brienner St. 55 . 80333 M\u00fcnchen . Germany Phone: +49 89 1711320 Fax: +49 89 17113211 Email: info@forumwpg.de Legal form, Register: FORUM GmbH Wirtschaftspr\u00fcfungsgesellschaft Nummer HRB 1450522 Managing Director: Tillmann Engelke, Auditor . Tax Advisor 1) + 2) The above-named professionals (auditors, tax advisors) are admitted in accordance with [&hellip;]","og_url":"https:\/\/forumwpg.de\/en\/legal-notice\/","og_site_name":"FORUM GmbH Wirtschaftspr\u00fcfungsgesellschaft","article_modified_time":"2020-08-06T09:30:02+00:00","twitter_card":"summary_large_image","twitter_misc":{"Estimated reading time":"4 minutes"},"schema":{"@context":"https:\/\/schema.org","@graph":[{"@type":"WebPage","@id":"https:\/\/forumwpg.de\/en\/legal-notice\/","url":"https:\/\/forumwpg.de\/en\/legal-notice\/","name":"Legal notice - FORUM GmbH Wirtschaftspr\u00fcfungsgesellschaft","isPartOf":{"@id":"https:\/\/forumwpg.de\/en\/#website"},"datePublished":"2017-11-10T13:24:58+00:00","dateModified":"2020-08-06T09:30:02+00:00","breadcrumb":{"@id":"https:\/\/forumwpg.de\/en\/legal-notice\/#breadcrumb"},"inLanguage":"en-GB","potentialAction":[{"@type":"ReadAction","target":["https:\/\/forumwpg.de\/en\/legal-notice\/"]}]},{"@type":"BreadcrumbList","@id":"https:\/\/forumwpg.de\/en\/legal-notice\/#breadcrumb","itemListElement":[{"@type":"ListItem","position":1,"name":"Startseite","item":"https:\/\/forumwpg.de\/en\/"},{"@type":"ListItem","position":2,"name":"Legal notice"}]},{"@type":"WebSite","@id":"https:\/\/forumwpg.de\/en\/#website","url":"https:\/\/forumwpg.de\/en\/","name":"FORUM GmbH Wirtschaftspr\u00fcfungsgesellschaft","description":"FORUM GmbH Wirtschaftspr\u00fcfungsgesellschaft","potentialAction":[{"@type":"SearchAction","target":{"@type":"EntryPoint","urlTemplate":"https:\/\/forumwpg.de\/en\/?s={search_term_string}"},"query-input":{"@type":"PropertyValueSpecification","valueRequired":true,"valueName":"search_term_string"}}],"inLanguage":"en-GB"}]}},"_links":{"self":[{"href":"https:\/\/forumwpg.de\/en\/wp-json\/wp\/v2\/pages\/572","targetHints":{"allow":["GET"]}}],"collection":[{"href":"https:\/\/forumwpg.de\/en\/wp-json\/wp\/v2\/pages"}],"about":[{"href":"https:\/\/forumwpg.de\/en\/wp-json\/wp\/v2\/types\/page"}],"author":[{"embeddable":true,"href":"https:\/\/forumwpg.de\/en\/wp-json\/wp\/v2\/users\/2"}],"replies":[{"embeddable":true,"href":"https:\/\/forumwpg.de\/en\/wp-json\/wp\/v2\/comments?post=572"}],"version-history":[{"count":10,"href":"https:\/\/forumwpg.de\/en\/wp-json\/wp\/v2\/pages\/572\/revisions"}],"predecessor-version":[{"id":996,"href":"https:\/\/forumwpg.de\/en\/wp-json\/wp\/v2\/pages\/572\/revisions\/996"}],"wp:attachment":[{"href":"https:\/\/forumwpg.de\/en\/wp-json\/wp\/v2\/media?parent=572"}],"curies":[{"name":"wp","href":"https:\/\/api.w.org\/{rel}","templated":true}]}}